{"id":37,"date":"2020-10-17T13:12:21","date_gmt":"2020-10-17T13:12:21","guid":{"rendered":"https:\/\/oeztuerk-recht.de\/?page_id=37"},"modified":"2025-10-03T21:38:16","modified_gmt":"2025-10-03T19:38:16","slug":"dipl-jur-univ-salih-goekhan-oeztuerk","status":"publish","type":"page","link":"https:\/\/oeztuerk-recht.de\/?page_id=37","title":{"rendered":"\u00dcber Salih G\u00f6khan \u00d6zt\u00fcrk"},"content":{"rendered":"\t\t<div data-elementor-type=\"wp-page\" data-elementor-id=\"37\" class=\"elementor elementor-37\">\n\t\t\t\t\t\t<section class=\"elementor-section elementor-top-section elementor-element elementor-element-d6ba34b elementor-section-boxed elementor-section-height-default elementor-section-height-default\" data-id=\"d6ba34b\" data-element_type=\"section\" data-e-type=\"section\">\n\t\t\t\t\t\t<div class=\"elementor-container elementor-column-gap-default\">\n\t\t\t\t\t<div class=\"elementor-column elementor-col-100 elementor-top-column elementor-element elementor-element-25ad93c\" data-id=\"25ad93c\" data-element_type=\"column\" data-e-type=\"column\">\n\t\t\t<div class=\"elementor-widget-wrap elementor-element-populated\">\n\t\t\t\t\t\t<div class=\"elementor-element elementor-element-7d60a4b elementor-widget elementor-widget-image\" data-id=\"7d60a4b\" data-element_type=\"widget\" data-e-type=\"widget\" data-widget_type=\"image.default\">\n\t\t\t\t<div class=\"elementor-widget-container\">\n\t\t\t\t\t\t\t\t\t\t\t\t<figure class=\"wp-caption\">\n\t\t\t\t\t\t\t\t\t\t<img fetchpriority=\"high\" decoding=\"async\" width=\"525\" height=\"314\" src=\"https:\/\/oeztuerk-recht.de\/wp-content\/uploads\/2025\/10\/Rechtsanwalt-768x459.jpg\" class=\"attachment-medium_large size-medium_large wp-image-1251\" alt=\"Strafverteidiger Fachanwalt f\u00fcr Strafrecht in Limburg an der Lahn. Erfahrener Anwalt mit Fachwissen.\" srcset=\"https:\/\/oeztuerk-recht.de\/wp-content\/uploads\/2025\/10\/Rechtsanwalt-768x459.jpg 768w, https:\/\/oeztuerk-recht.de\/wp-content\/uploads\/2025\/10\/Rechtsanwalt-300x179.jpg 300w, https:\/\/oeztuerk-recht.de\/wp-content\/uploads\/2025\/10\/Rechtsanwalt-1024x612.jpg 1024w, https:\/\/oeztuerk-recht.de\/wp-content\/uploads\/2025\/10\/Rechtsanwalt.jpg 1181w\" sizes=\"100vw\" \/>\t\t\t\t\t\t\t\t\t\t\t<figcaption class=\"widget-image-caption wp-caption-text\"><\/figcaption>\n\t\t\t\t\t\t\t\t\t\t<\/figure>\n\t\t\t\t\t\t\t\t\t<\/div>\n\t\t\t\t<\/div>\n\t\t\t\t\t<\/div>\n\t\t<\/div>\n\t\t\t\t\t<\/div>\n\t\t<\/section>\n\t\t\t\t<section class=\"elementor-section elementor-top-section elementor-element elementor-element-991c333 elementor-section-boxed elementor-section-height-default elementor-section-height-default\" data-id=\"991c333\" data-element_type=\"section\" data-e-type=\"section\">\n\t\t\t\t\t\t<div class=\"elementor-container elementor-column-gap-default\">\n\t\t\t\t\t<div class=\"elementor-column elementor-col-100 elementor-top-column elementor-element elementor-element-713fd36\" data-id=\"713fd36\" data-element_type=\"column\" data-e-type=\"column\">\n\t\t\t<div class=\"elementor-widget-wrap elementor-element-populated\">\n\t\t\t\t\t\t<div class=\"elementor-element elementor-element-1abf9cb8 elementor-widget elementor-widget-text-editor\" data-id=\"1abf9cb8\" data-element_type=\"widget\" data-e-type=\"widget\" data-widget_type=\"text-editor.default\">\n\t\t\t\t<div class=\"elementor-widget-container\">\n\t\t\t\t\t\t\t\t\t<p><span style=\"font-family: arial, helvetica, sans-serif; color: #000000; font-size: 14pt;\"><strong>Rechtsanwalt, Fachanwalt f\u00fcr Strafrecht und Allgemein vereidigter Dolmetscher-\u00dcbersetzer Salih G\u00f6khan \u00d6zt\u00fcrk<br \/><\/strong><\/span><\/p><\/div><\/div><\/div><\/div><\/div><\/section><\/div> <a href=\"https:\/\/oeztuerk-recht.de\/?page_id=37#more-37\" class=\"more-link elementor-more-link\"><span aria-label=\"\u00dcber Salih G\u00f6khan \u00d6zt\u00fcrk weiterlesen\">(mehr &hellip;)<\/span><\/a>","protected":false},"excerpt":{"rendered":"<p>Rechtsanwalt, Fachanwalt f\u00fcr Strafrecht und Allgemein vereidigter Dolmetscher-\u00dcbersetzer Salih G\u00f6khan \u00d6zt\u00fcrk<\/p>\n","protected":false},"author":1,"featured_media":0,"parent":0,"menu_order":0,"comment_status":"closed","ping_status":"closed","template":"","meta":{"footnotes":""},"class_list":["post-37","page","type-page","status-publish","hentry"],"_links":{"self":[{"href":"https:\/\/oeztuerk-recht.de\/index.php?rest_route=\/wp\/v2\/pages\/37","targetHints":{"allow":["GET"]}}],"collection":[{"href":"https:\/\/oeztuerk-recht.de\/index.php?rest_route=\/wp\/v2\/pages"}],"about":[{"href":"https:\/\/oeztuerk-recht.de\/index.php?rest_route=\/wp\/v2\/types\/page"}],"author":[{"embeddable":true,"href":"https:\/\/oeztuerk-recht.de\/index.php?rest_route=\/wp\/v2\/users\/1"}],"replies":[{"embeddable":true,"href":"https:\/\/oeztuerk-recht.de\/index.php?rest_route=%2Fwp%2Fv2%2Fcomments&post=37"}],"version-history":[{"count":153,"href":"https:\/\/oeztuerk-recht.de\/index.php?rest_route=\/wp\/v2\/pages\/37\/revisions"}],"predecessor-version":[{"id":1257,"href":"https:\/\/oeztuerk-recht.de\/index.php?rest_route=\/wp\/v2\/pages\/37\/revisions\/1257"}],"wp:attachment":[{"href":"https:\/\/oeztuerk-recht.de\/index.php?rest_route=%2Fwp%2Fv2%2Fmedia&parent=37"}],"curies":[{"name":"wp","href":"https:\/\/api.w.org\/{rel}","templated":true}]}}