{"id":226,"date":"2020-12-30T19:41:58","date_gmt":"2020-12-30T19:41:58","guid":{"rendered":"https:\/\/oeztuerk-recht.de\/?page_id=226"},"modified":"2024-11-22T14:37:34","modified_gmt":"2024-11-22T13:37:34","slug":"vereid-dolmetscher-yeminli-tercueman","status":"publish","type":"page","link":"https:\/\/oeztuerk-recht.de\/?page_id=226","title":{"rendered":"Vereidigter Dolmetscher | Yeminli Terc\u00fcman"},"content":{"rendered":"\t\t<div data-elementor-type=\"wp-page\" data-elementor-id=\"226\" class=\"elementor elementor-226\">\n\t\t\t\t\t\t<section class=\"elementor-section elementor-top-section elementor-element elementor-element-794190b elementor-section-boxed elementor-section-height-default elementor-section-height-default\" data-id=\"794190b\" data-element_type=\"section\" data-e-type=\"section\">\n\t\t\t\t\t\t<div class=\"elementor-container elementor-column-gap-default\">\n\t\t\t\t\t<div class=\"elementor-column elementor-col-100 elementor-top-column elementor-element elementor-element-38f5fdd\" data-id=\"38f5fdd\" data-element_type=\"column\" data-e-type=\"column\">\n\t\t\t<div class=\"elementor-widget-wrap elementor-element-populated\">\n\t\t\t\t\t\t<div class=\"elementor-element elementor-element-d75f683 elementor-widget elementor-widget-heading\" data-id=\"d75f683\" data-element_type=\"widget\" data-e-type=\"widget\" data-widget_type=\"heading.default\">\n\t\t\t\t<div class=\"elementor-widget-container\">\n\t\t\t\t\t<h1 class=\"elementor-heading-title elementor-size-large\">Vereidigter Dolmetscher | Yeminli Terc\u00fcman<\/h1>\t\t\t\t<\/div>\n\t\t\t\t<\/div>\n\t\t\t\t\t<\/div>\n\t\t<\/div>\n\t\t\t\t\t<\/div>\n\t\t<\/section>\n\t\t\t\t<section class=\"elementor-section elementor-top-section elementor-element elementor-element-6e091bf elementor-section-boxed elementor-section-height-default elementor-section-height-default\" data-id=\"6e091bf\" data-element_type=\"section\" data-e-type=\"section\">\n\t\t\t\t\t\t<div class=\"elementor-container elementor-column-gap-default\">\n\t\t\t\t\t<div class=\"elementor-column elementor-col-100 elementor-top-column elementor-element elementor-element-64f19df\" data-id=\"64f19df\" data-element_type=\"column\" data-e-type=\"column\">\n\t\t\t<div class=\"elementor-widget-wrap elementor-element-populated\">\n\t\t\t\t\t\t<div class=\"elementor-element elementor-element-23908f4 elementor-widget elementor-widget-image\" data-id=\"23908f4\" data-element_type=\"widget\" data-e-type=\"widget\" data-widget_type=\"image.default\">\n\t\t\t\t<div class=\"elementor-widget-container\">\n\t\t\t\t\t\t\t\t\t\t\t\t\t\t\t<img fetchpriority=\"high\" decoding=\"async\" width=\"300\" height=\"227\" src=\"https:\/\/oeztuerk-recht.de\/wp-content\/uploads\/2020\/12\/157875373_m-300x227.jpg\" class=\"attachment-medium size-medium wp-image-194\" alt=\"\u00dcbersetzungsb\u00fcro Limburg. Ihr Erfahrener Dolmetscher f\u00fcr T\u00fcrkisch. Dolmetscherb\u00fcro \u00d6zt\u00fcrk in Gie\u00dfen und Limburg seit 2016. Yeminli Terc\u00fcman, allgemein vereidigter Dolmetscher, Salih G\u00f6khan \u00d6zt\u00fcrk steht Ihnen bei all Ihren rechtlichen Belangen leidenschaftlich zur Verf\u00fcgung. Die von ihm \u00fcbersetzten Dokumente werden bundesweit anerkannt. Ihr verieidgter Dolmetscher und \u00dcbersetzer \u00d6zt\u00fcrk \u00fcbersetzt f\u00fcr Sie rechtssicher Ihre Dokumente, Urkunden, Bescheinigungen, Zeugnisse und vor allem gerichtliche Dokumente, wie zum Beispiel Gerichtsbeschl\u00fcsse, Scheidungsbeschl\u00fcsse andere Urteile. Auch nimmt vereidigter Dolmetscher \u00d6zt\u00fcrk nach R\u00fccksprache mit Ihnen beh\u00f6rdliche Termine, wie bei Notaren oder Gerichten war. Als erfahrenes Dolmetscherb\u00fcro sind wir f\u00fcr Sie in Limburg und in Gie\u00dfen zur Verf\u00fcgung. Das Dolmetscherb\u00fcro wurde im Jahre 2016 von Rechtsanwalt \u00d6zt\u00fcrk gegr\u00fcndet. Ihr Dolmetscherb\u00fcro \u00d6zt\u00fcrk.\" srcset=\"https:\/\/oeztuerk-recht.de\/wp-content\/uploads\/2020\/12\/157875373_m-300x227.jpg 300w, https:\/\/oeztuerk-recht.de\/wp-content\/uploads\/2020\/12\/157875373_m-1024x774.jpg 1024w, https:\/\/oeztuerk-recht.de\/wp-content\/uploads\/2020\/12\/157875373_m-768x580.jpg 768w, https:\/\/oeztuerk-recht.de\/wp-content\/uploads\/2020\/12\/157875373_m-1536x1160.jpg 1536w, https:\/\/oeztuerk-recht.de\/wp-content\/uploads\/2020\/12\/157875373_m-2048x1547.jpg 2048w\" sizes=\"100vw\" \/>\t\t\t\t\t\t\t\t\t\t\t\t\t\t\t<\/div>\n\t\t\t\t<\/div>\n\t\t\t\t\t<\/div>\n\t\t<\/div>\n\t\t\t\t\t<\/div>\n\t\t<\/section>\n\t\t\t\t<section class=\"elementor-section elementor-top-section elementor-element elementor-element-0e76be7 elementor-section-boxed elementor-section-height-default elementor-section-height-default\" data-id=\"0e76be7\" data-element_type=\"section\" data-e-type=\"section\">\n\t\t\t\t\t\t<div class=\"elementor-container elementor-column-gap-default\">\n\t\t\t\t\t<div class=\"elementor-column elementor-col-100 elementor-top-column elementor-element elementor-element-4d38980\" data-id=\"4d38980\" data-element_type=\"column\" data-e-type=\"column\">\n\t\t\t<div class=\"elementor-widget-wrap elementor-element-populated\">\n\t\t\t\t\t\t<div class=\"elementor-element elementor-element-4fb9a7ed elementor-widget elementor-widget-text-editor\" data-id=\"4fb9a7ed\" data-element_type=\"widget\" data-e-type=\"widget\" data-widget_type=\"text-editor.default\">\n\t\t\t\t<div class=\"elementor-widget-container\">\n\t\t\t\t\t\t\t\t\t<p><span style=\"font-family: arial, helvetica, sans-serif;\"><\/span><\/p>\n<p><span style=\"font-family: arial, helvetica, sans-serif; color: #000000; font-size: 14pt;\">Rechtsanwalt und Fachanwalt f\u00fcr Strafrecht Salih G\u00f6khan \u00d6zt\u00fcrk bietet Ihnen in seiner weiteren Eigenschaft als <strong>allgemein vereidigter Dolmetscher und \u00dcbersetzer f\u00fcr T\u00fcrkisch (im T\u00fcrkischen auch -Yeminli Terc\u00fcman- genannt)<\/strong>, mit dem Schwerpunkt Recht, professionell schnelle Unterst\u00fctzung an. Die von ihm angefertigten beglaubigten \u00dcbersetzungen werden bundesweit sowie auch von t\u00fcrkischen Konsulaten und in der T\u00fcrkei anerkannt.&nbsp;<\/span><\/p>\n<p><span style=\"font-family: arial, helvetica, sans-serif; color: #000000; font-size: 14pt;\"><\/span><\/p>\n\n<p><span style=\"font-family: arial, helvetica, sans-serif;\"><\/span><\/p>\t\t\t\t\t\t\t\t<\/div>\n\t\t\t\t<\/div>\n\t\t\t\t\t<\/div>\n\t\t<\/div>\n\t\t\t\t\t<\/div>\n\t\t<\/section>\n\t\t\t\t<section class=\"elementor-section elementor-top-section elementor-element elementor-element-4cbdc7c elementor-section-boxed elementor-section-height-default elementor-section-height-default\" data-id=\"4cbdc7c\" data-element_type=\"section\" data-e-type=\"section\">\n\t\t\t\t\t\t<div class=\"elementor-container elementor-column-gap-default\">\n\t\t\t\t\t<div class=\"elementor-column elementor-col-100 elementor-top-column elementor-element elementor-element-46bba8c\" data-id=\"46bba8c\" data-element_type=\"column\" data-e-type=\"column\">\n\t\t\t<div class=\"elementor-widget-wrap elementor-element-populated\">\n\t\t\t\t\t\t<div class=\"elementor-element elementor-element-9a825a6 animated-slow elementor-align-justify elementor-invisible elementor-widget elementor-widget-button\" data-id=\"9a825a6\" data-element_type=\"widget\" data-e-type=\"widget\" data-settings=\"{&quot;_animation&quot;:&quot;bounceIn&quot;}\" data-widget_type=\"button.default\">\n\t\t\t\t<div class=\"elementor-widget-container\">\n\t\t\t\t\t\t\t\t\t<div class=\"elementor-button-wrapper\">\n\t\t\t\t\t<a class=\"elementor-button elementor-button-link elementor-size-md\" href=\"https:\/\/oeztuerk-recht.de\/?page_id=234\">\n\t\t\t\t\t\t<span class=\"elementor-button-content-wrapper\">\n\t\t\t\t\t\t<span class=\"elementor-button-icon\">\n\t\t\t\t<i aria-hidden=\"true\" class=\"fas fa-phone-square-alt\"><\/i>\t\t\t<\/span>\n\t\t\t\t\t\t\t\t\t<span class=\"elementor-button-text\">Kontakt zu Ihrem allgemein vereidigten Dolmetscher und \u00dcbersetzer \u00d6zt\u00fcrk<\/span>\n\t\t\t\t\t<\/span>\n\t\t\t\t\t<\/a>\n\t\t\t\t<\/div>\n\t\t\t\t\t\t\t\t<\/div>\n\t\t\t\t<\/div>\n\t\t\t\t\t<\/div>\n\t\t<\/div>\n\t\t\t\t\t<\/div>\n\t\t<\/section>\n\t\t\t\t<section class=\"elementor-section elementor-top-section elementor-element elementor-element-575d2cd7 elementor-section-boxed elementor-section-height-default elementor-section-height-default\" data-id=\"575d2cd7\" data-element_type=\"section\" data-e-type=\"section\">\n\t\t\t\t\t\t<div class=\"elementor-container elementor-column-gap-default\">\n\t\t\t\t\t<div class=\"elementor-column elementor-col-100 elementor-top-column elementor-element elementor-element-27be587b\" data-id=\"27be587b\" data-element_type=\"column\" data-e-type=\"column\">\n\t\t\t<div class=\"elementor-widget-wrap elementor-element-populated\">\n\t\t\t\t\t\t<div class=\"elementor-element elementor-element-0367a3c elementor-align-justify elementor-widget elementor-widget-button\" data-id=\"0367a3c\" data-element_type=\"widget\" data-e-type=\"widget\" data-widget_type=\"button.default\">\n\t\t\t\t<div class=\"elementor-widget-container\">\n\t\t\t\t\t\t\t\t\t<div class=\"elementor-button-wrapper\">\n\t\t\t\t\t<a class=\"elementor-button elementor-button-link elementor-size-md\" href=\"https:\/\/oeztuerk-recht.de\/\">\n\t\t\t\t\t\t<span class=\"elementor-button-content-wrapper\">\n\t\t\t\t\t\t<span class=\"elementor-button-icon\">\n\t\t\t\t<i aria-hidden=\"true\" class=\"fas fa-home\"><\/i>\t\t\t<\/span>\n\t\t\t\t\t\t\t\t\t<span class=\"elementor-button-text\">Zur Starseite<\/span>\n\t\t\t\t\t<\/span>\n\t\t\t\t\t<\/a>\n\t\t\t\t<\/div>\n\t\t\t\t\t\t\t\t<\/div>\n\t\t\t\t<\/div>\n\t\t\t\t\t<\/div>\n\t\t<\/div>\n\t\t\t\t\t<\/div>\n\t\t<\/section>\n\t\t\t\t<\/div>\n\t\t","protected":false},"excerpt":{"rendered":"<p>Vereidigter Dolmetscher | Yeminli Terc\u00fcman Rechtsanwalt und Fachanwalt f\u00fcr Strafrecht Salih G\u00f6khan \u00d6zt\u00fcrk bietet Ihnen in seiner weiteren Eigenschaft als allgemein vereidigter Dolmetscher und \u00dcbersetzer f\u00fcr T\u00fcrkisch (im T\u00fcrkischen auch -Yeminli Terc\u00fcman- genannt), mit dem Schwerpunkt Recht, professionell schnelle Unterst\u00fctzung an. Die von ihm angefertigten beglaubigten \u00dcbersetzungen werden bundesweit sowie auch von t\u00fcrkischen Konsulaten und &hellip; <\/p>\n<p class=\"link-more\"><a href=\"https:\/\/oeztuerk-recht.de\/?page_id=226\" class=\"more-link\"><span class=\"screen-reader-text\">\u201eVereidigter Dolmetscher | Yeminli Terc\u00fcman\u201c <\/span>weiterlesen<\/a><\/p>\n","protected":false},"author":1,"featured_media":0,"parent":0,"menu_order":0,"comment_status":"closed","ping_status":"closed","template":"","meta":{"footnotes":""},"class_list":["post-226","page","type-page","status-publish","hentry"],"_links":{"self":[{"href":"https:\/\/oeztuerk-recht.de\/index.php?rest_route=\/wp\/v2\/pages\/226","targetHints":{"allow":["GET"]}}],"collection":[{"href":"https:\/\/oeztuerk-recht.de\/index.php?rest_route=\/wp\/v2\/pages"}],"about":[{"href":"https:\/\/oeztuerk-recht.de\/index.php?rest_route=\/wp\/v2\/types\/page"}],"author":[{"embeddable":true,"href":"https:\/\/oeztuerk-recht.de\/index.php?rest_route=\/wp\/v2\/users\/1"}],"replies":[{"embeddable":true,"href":"https:\/\/oeztuerk-recht.de\/index.php?rest_route=%2Fwp%2Fv2%2Fcomments&post=226"}],"version-history":[{"count":42,"href":"https:\/\/oeztuerk-recht.de\/index.php?rest_route=\/wp\/v2\/pages\/226\/revisions"}],"predecessor-version":[{"id":1192,"href":"https:\/\/oeztuerk-recht.de\/index.php?rest_route=\/wp\/v2\/pages\/226\/revisions\/1192"}],"wp:attachment":[{"href":"https:\/\/oeztuerk-recht.de\/index.php?rest_route=%2Fwp%2Fv2%2Fmedia&parent=226"}],"curies":[{"name":"wp","href":"https:\/\/api.w.org\/{rel}","templated":true}]}}